{"id":1264,"date":"2026-04-08T08:53:33","date_gmt":"2026-04-08T06:53:33","guid":{"rendered":"https:\/\/visitvicenzaterrevicentine.com\/allgemeine-verkaufsbedingungen\/"},"modified":"2026-04-08T08:53:33","modified_gmt":"2026-04-08T06:53:33","slug":"allgemeine-verkaufsbedingungen","status":"publish","type":"page","link":"https:\/\/visitvicenzaterrevicentine.com\/de\/allgemeine-verkaufsbedingungen\/","title":{"rendered":"Allgemeine Verkaufsbedingungen"},"content":{"rendered":"<h1>Allgemeine Verkaufsbedingungen<\/h1>\n<h2>Art. 1 \u2013 Allgemeine Bestimmungen<\/h2>\n<p>Der Nutzer greift \u00fcber die URL <a href=\"https:\/\/visitvicenzaterrevicentine.com\">https:\/\/visitvicenzaterrevicentine.com<\/a> auf diesen Bereich zu.<\/p>\n<p>Das Durchsuchen und Senden einer Bestellung auf der Seite impliziert die Akzeptanz der von der Seite selbst festgelegten Datenschutzbedingungen und -richtlinien.<\/p>\n<p>Diese allgemeinen Verkaufsbedingungen gelten f\u00fcr den Verkauf von Waren und die Erbringung von Dienstleistungen mit exklusivem Bezug auf K\u00e4ufe, die auf dem Gel\u00e4nde gem\u00e4\u00df den Bestimmungen von Teil III, Titel III, Kapitel I des Verbrauchergesetzbuches (Gesetzesdekret Nr. 206\/05, ge\u00e4ndert durch Gesetzesdekret Nr. 21\/14 und Gesetzesdekret 70\/03) der <strong>Associazione O.G.D. TERRE VICENTINE<\/strong> get\u00e4tigt werden.<\/p>\n<ul>\n<li><strong>Hauptquartier: Contra&#8216; delle Gazzolle, 1, 36100 Vicenza VI<\/strong><\/li>\n<li><strong>Mehrwertsteuernummer: 04292850247<\/strong><\/li>\n<\/ul>\n<p>Vor dem Zugriff auf die von der Seite angebotenen Produkte und Dienstleistungen muss der Nutzer diese allgemeinen Verkaufsbedingungen lesen, die zum Zeitpunkt des Kaufs allgemein und eindeutig akzeptiert werden.<\/p>\n<p>Der Nutzer wird eingeladen, eine Kopie des Kaufformulars sowie dieser allgemeinen Verkaufsbedingungen herunterzuladen und auszudrucken, deren Bedingungen die OGD Terre Vicentine Association einseitig und ohne vorherige Vorank\u00fcndigung \u00e4ndern k\u00f6nnen.<\/p>\n<p>Es ist m\u00f6glich, die Seite zu nutzen und somit auf Produkte und Dienstleistungen zuzugreifen und diese in folgenden Sprachen zu kaufen: Italienisch.<\/p>\n<h2>Art. 2 \u2013 Gegenstand<\/h2>\n<p>Diese allgemeinen Verkaufsbedingungen regeln das Angebot, die Weiterleitung und die Annahme von Bestellungen f\u00fcr Waren und Dienstleistungen auf <a href=\"https:\/\/visitvicenzaterrevicentine.com\">https:\/\/visitvicenzaterrevicentine.com<\/a> und regeln jedoch nicht die Erbringung von Dienstleistungen oder den Verkauf von Produkten durch andere Parteien als den Verk\u00e4ufer, die \u00fcber Links, Banner oder andere Hypertext-Links auf derselben Seite anwesend sind.<\/p>\n<p>Bevor Sie Bestellungen aufgeben und Produkte und Dienstleistungen von verschiedenen Parteien kaufen, empfehlen wir Ihnen, deren Verkaufsbedingungen zu pr\u00fcfen.<\/p>\n<h2>Art. 3 \u2013 Vertragsabschluss<\/h2>\n<p>Um den Kaufvertrag abzuschlie\u00dfen, ist es notwendig, das Formular elektronisch auszuf\u00fcllen und gem\u00e4\u00df den entsprechenden Anweisungen einzusenden.<\/p>\n<p>Es enth\u00e4lt einen Verweis auf die allgemeinen Verkaufsbedingungen, Informationen zu jeder gekauften Dienstleistung sowie Bilder jedes Produkts und dessen Preis, die verwendeten Zahlungsmittel sowie einen Hinweis auf die Bedingungen f\u00fcr die Aus\u00fcbung des R\u00fcckzugsrechts. Der Verk\u00e4ufer haftet nicht f\u00fcr Unzul\u00e4nglichkeiten der grafischen Darstellungen der gezeigten Produkte, wenn technische Gr\u00fcnde verursacht werden, da die Darstellungen eine rein illustrative Funktion haben. <\/p>\n<p>Vor Abschluss des Vertrags werden Sie gebeten, zu best\u00e4tigen, dass Sie die allgemeinen Kaufbedingungen einschlie\u00dflich der Informationen zum R\u00fcckzugsrecht und zur Verarbeitung personenbezogener Daten gelesen haben.<\/p>\n<p>Der Vertrag wird geschlossen, wenn der Verk\u00e4ufer das vom Nutzer ausgef\u00fcllte Formular erh\u00e4lt und die Richtigkeit der darin enthaltenen Daten \u00fcberpr\u00fcft hat.<\/p>\n<p>Der Nutzer ist verpflichtet, den Preis ab Abschluss des Online-Bestellverfahrens zu zahlen. Dies geschieht, indem man am Ende des Wizards auf die Schaltfl\u00e4che &#8222;BESTELLUNG PLATZIEREN&#8220; klickt. <\/p>\n<p>Sobald der Vertrag abgeschlossen ist, \u00fcbernimmt der Verk\u00e4ufer die Verantwortung f\u00fcr die Erf\u00fcllung des Auftrags.<\/p>\n<h2>Art. 4 \u2013 Registrierte Nutzer<\/h2>\n<p>Beim Abschluss der Registrierungsverfahren verpflichtet sich der Nutzer, die Anweisungen auf der Seite zu befolgen und seine pers\u00f6nlichen Daten korrekt und wahrheitsgem\u00e4\u00df anzugeben.<\/p>\n<p>Nach der Registrierung erh\u00e4lt der Nutzer eine Best\u00e4tigungs-E-Mail in der von ihm bereitgestellten E-Mail.<\/p>\n<p>In jedem Fall entbindet die <strong>Best\u00e4tigung die OGD Terre Vincentine<\/strong> Association von jeglicher Verantwortung f\u00fcr die vom Nutzer bereitgestellten Daten. Der Nutzer verpflichtet sich, die <strong>OGD Terre Vincentine Association <\/strong>umgehend \u00fcber jede \u00c4nderung seiner Daten zu informieren, die jederzeit \u00fcbermittelt werden. <\/p>\n<p>Wenn der Nutzer dann ungenaue oder unvollst\u00e4ndige Daten \u00fcbermittelt oder im Falle eines Streits der Beteiligten \u00fcber die get\u00e4tigten Zahlungen, hat die <strong>OGD Terre Vincentine<\/strong> Association das Recht, den Dienst nicht zu aktivieren oder auszusetzen, bis die damit verbundenen M\u00e4ngel behoben sind.<\/p>\n<p>Wenn der Nutzer erstmals ein Profil aktiviert, weist <a href=\"https:\/\/visitvicenzaterrevicentine.com\">https:\/\/visitvicenzaterrevicentine.com einem<\/a> Benutzernamen und Passwort demselben Benutzernamen zu.<\/p>\n<p>Letztere erkennt an, dass diese Identifikatoren das System zur Validierung des Zugangs des Nutzers zu den Diensten bilden und als einziges geeignetes System zur Identifizierung des Nutzers sind, dass die durch diesen Zugriff durchgef\u00fchrten Handlungen ihm zugeschrieben werden und bindende Wirkung auf ihn haben.<\/p>\n<p>Der Nutzer verpflichtet sich, die Vertraulichkeit seiner Zugriffsdaten zu wahren und diese mit gebotener Sorgfalt und Sorgfalt zu bewahren und sie nicht an Dritte zu \u00fcbertragen, auch nicht vor\u00fcbergehend.<\/p>\n<h2>Art. 5 \u2013 Verf\u00fcgbarkeit der Produkte<\/h2>\n<p>Die Produktverf\u00fcgbarkeit bezieht sich auf die tats\u00e4chliche Verf\u00fcgbarkeit zum Zeitpunkt Ihrer Bestellung. Diese Verf\u00fcgbarkeit muss jedoch als rein indikativ betrachtet werden, da aufgrund der gleichzeitigen Pr\u00e4senz mehrerer Nutzer auf der Seite die Produkte an andere Kunden verkauft werden k\u00f6nnen, bevor die Bestellung best\u00e4tigt ist. <\/p>\n<p>Selbst nach Absenden der Bestellbest\u00e4tigungs-E-Mail kann es zu F\u00e4llen von teilweisen oder vollst\u00e4ndigen Nichtverf\u00fcgbarkeit des Produkts kommen. In diesem Fall wird die Bestellung automatisch korrigiert, wobei das nicht verf\u00fcgbare Produkt entfernt wird, und der Nutzer wird sofort per E-Mail benachrichtigt. <\/p>\n<p>Wenn der Nutzer die Stornierung der Bestellung durch Vertragsk\u00fcndigung beantragt, erstattet <strong>die OGD Terre Vincentine Association<\/strong> den gezahlten Betrag innerhalb von 5 Arbeitstagen ab dem Moment, in dem die OGD Pedemontana Veneta e Colli Association von der Entscheidung des K\u00e4ufers zur Vertragsk\u00fcndigung erfahren hat.<\/p>\n<h2>Art. 6 \u2013 Angebotene Produkte<\/h2>\n<p>Die <strong>OGD Terre Vicentine<\/strong> Association verkauft das, was auf der Website detailliert ist   <a href=\"https:\/\/visitvicenzaterrevicentine.com\">https:\/\/visitvicenzaterrevicentine.com<\/a><\/p>\n<p>Das Angebot ist auf unserer Website unter dem Link detailliert aufgef\u00fchrt: <a href=\"https:\/\/visitvicenzaterrevicentine.com\">https:\/\/visitvicenzaterrevicentine.com<\/a><\/p>\n<h2>Art. 7 \u2013 Zahlungsarten und Preise<\/h2>\n<p>Der Preis der Produkte und Dienstleistungen wird von Zeit zu Zeit auf der Seite angegeben, au\u00dfer wenn ein klarer Fehler vorliegt.<\/p>\n<p>Im Falle eines Fehlers wird die OGD Terre Vincentine Association den K\u00e4ufer so schnell wie m\u00f6glich benachrichtigen, sodass die Bestellung zum richtigen Betrag best\u00e4tigt oder storniert werden kann. In jedem Fall besteht f\u00fcr die OGD Terre Vincentine Association keine Verpflichtung, das zu dem f\u00e4lschlicherweise angegebenen niedrigeren Preis zu liefern. <\/p>\n<p>Die Preise der Seite enthalten die Mehrwertsteuer. Die Preise k\u00f6nnen jederzeit ge\u00e4ndert werden. \u00c4nderungen wirken sich nicht auf Bestellungen aus, f\u00fcr die bereits eine Bestellbest\u00e4tigung gesendet wurde. <\/p>\n<p>Sobald Sie die gew\u00fcnschten Produkte und Dienstleistungen ausgew\u00e4hlt haben, werden sie Ihrem Warenkorb hinzugef\u00fcgt. Befolgen Sie einfach die Kaufanweisungen, geben Sie die erforderlichen Informationen in jedem Schritt des Prozesses ein oder \u00fcberpr\u00fcfen Sie sie. Die Details der Bestellung k\u00f6nnen vor der Zahlung ge\u00e4ndert werden.  <\/p>\n<p>Die Zahlung erfolgt durch: Satispay \u2013 PayPal \u2013 Kreditkarte \u2013 Bank\u00fcberweisung \u2013 Zahlung vor Ort (am Tag der Veranstaltung).<\/p>\n<p>Der Veranstalter hat das Recht, eine Veranstaltung abzusagen, wenn keine Bedingungen zur Gew\u00e4hrleistung der Sicherheit der Teilnehmer oder aus anderen Gr\u00fcnden bestehen, ohne den Teilnehmern Rechenschaft ablegen zu m\u00fcssen, au\u00dfer die Absage (oder Verschiebung) per E-Mail mitzuteilen.<\/p>\n<h2>Art. 8 \u2013 Ausmusterung<\/h2>\n<p>Gem\u00e4\u00df den geltenden gesetzlichen Bestimmungen hat der K\u00e4ufer das Recht, ohne Strafe und ohne Angabe des Grundes innerhalb von 14 Tagen gem\u00e4\u00df dem Art. 57 des Gesetzesdekrets 206\/2005, das ab dem Datum des Erhalts der Produkte beginnt. <\/p>\n<p>Bei mehreren K\u00e4ufen, die der K\u00e4ufer mit einer einzigen Bestellung vornimmt und separat geliefert wird, beginnt der 30-Tage-Zeitraum mit dem Datum des Erhalts des letzten Produkts.<\/p>\n<p>Der Nutzer, der das R\u00fcckzugsrecht aus\u00fcben will, muss die OGD Terre Vincentine Association mittels einer ausdr\u00fccklichen Erkl\u00e4rung benachrichtigen, ebenfalls elektronisch, \u00fcber die Website des Verk\u00e4ufers oder durch Ausf\u00fcllen des R\u00fccktrittsformulars im Anhang; Es liegt jedoch am Verbraucher zu beweisen, dass er die Mitteilung innerhalb der Frist gesendet hat.<\/p>\n<p>Der K\u00e4ufer muss das R\u00fcckzugsrecht auch aus\u00fcben, indem er eine ausdr\u00fcckliche Erkl\u00e4rung mit der Entscheidung zum R\u00fccktritt aus dem Vertrag einreicht oder alternativ das nicht verpflichtende Standardr\u00fccktrittsformular einsendet, das in Anhang I, Teil B, Gesetzesdekret 21\/2014 erw\u00e4hnt ist.<\/p>\n<p>Wie von der Kunst vorgesehen. 56 Absatz 3 des Gesetzgebungsdekrets 206\/2005, ge\u00e4ndert durch Gesetzesdekret 21\/2014, kann die Seite die R\u00fcckerstattung bis zum Erhalt der Ware oder bis nachweisen kann, dass er den Kauf widerrufen hat, aussetzen. <\/p>\n<p>Die Seite f\u00fchrt die R\u00fcckerstattung mit derselben Zahlungsmethode durch, die der K\u00e4ufer w\u00e4hrend des Kaufs gew\u00e4hlt hat. Im Falle einer Zahlung per Bank\u00fcberweisung und wenn der Nutzer beabsichtigt, sein Auszahlungsrecht auszu\u00fcben, muss er die Bankdaten IBAN, SWIFT und BIC angeben, die f\u00fcr die R\u00fcckerstattung erforderlich sind. <\/p>\n<h2>Art. 9 \u2013 Datenverarbeitung<\/h2>\n<p>Durch die Nutzung der Seite autorisiert der Nutzer die Verarbeitung seiner pers\u00f6nlichen Daten. Diese Informationen sind auch f\u00fcr die Zwecke von Artikel 13 der EU-Verordnung Nr. 2016\/679 g\u00fcltig, die den Schutz nat\u00fcrlicher Personen in Bezug auf die Verarbeitung personenbezogener Daten und die freie Bewegung solcher Daten betrifft.  <\/p>\n<ul>\n<li>Der Datencontroller ist <strong>Cazzola Nicolas<\/strong>.<\/li>\n<li>Der vom Datenverantwortlichen ernannte Datenbearbeiter ist <strong>Cazzola Nicolas<\/strong>.<\/li>\n<li>Die Daten werden bei <strong>der Associazione OGD Terre Vincentine \u2013 Contra&#8216; delle Gazzolle, 1, 36100 Vicenza VI,<\/strong> verarbeitet<\/li>\n<\/ul>\n<p>Die Verarbeitung der Daten erfolgt ausschlie\u00dflich in elektronischer Form durch Computerwerkzeuge und Unterst\u00fctzungen, die darauf ausgelegt sind, die Sicherheit und Vertraulichkeit der Daten zu gew\u00e4hrleisten. Die gespeicherten Informationen sind vor unbefugtem Zugriff gesch\u00fctzt. <\/p>\n<p>Wir verarbeiten die von den Nutzern bereitgestellten Daten in Bezug auf Bestellungen, Zahlungen (die Name, Adresse, Kontaktdaten enthalten k\u00f6nnen), IP-Adresse und alle weiteren \u00fcbermittelten Daten.<\/p>\n<p>Zweck der Nutzung dieser Daten ist die Ausf\u00fchrung der Bestellung und Zahlungen, die Kommunikation der Daten an Drittanbieter sowie informative Kontakte bez\u00fcglich der Aktivit\u00e4ten und Dienstleistungen der Seite, kommerzielle Angebote verbundener Unternehmen und kommerzieller Partner.<\/p>\n<p>Die Bereitstellung von Daten und die Zustimmung zur Verarbeitung f\u00fcr die im Vertrag genannten Zwecke, d. h. die Abwicklung des Auftrags und der damit verbundenen Zahlung, sind sowohl f\u00fcr den Abschluss selbst als auch f\u00fcr den Vertragsabschluss notwendig, daher f\u00fchrt die Weigerung, solche Daten bereitzustellen oder der damit verbundenen Verarbeitung zuzustimmen, dass es dem Nutzer unm\u00f6glich wird, die angebotenen Dienstleistungen zu erwerben.<\/p>\n<p>Die Bereitstellung von Daten und die Zustimmung zur Verarbeitung f\u00fcr kommerzielle Kommunikation sind optional. Jede Weigerung, solche Daten bereitzustellen oder ihrer Verarbeitung zuzustimmen, kann jedoch dazu f\u00fchren, dass der Nutzer solche zus\u00e4tzlichen Dienste nicht mehr erhalten kann. <\/p>\n<p>Der Nutzer hat stets das Recht, seine Daten aktualisieren, korrigieren oder integrieren zu lassen, die L\u00f6schung, Umwandlung in anonyme Form von Daten, die gegen das Gesetz verarbeitet werden, einschlie\u00dflich solcher, deren Speicherung im Zusammenhang mit den Zwecken der Datenerhebung oder sp\u00e4teren Verarbeitung nicht notwendig ist, die Zertifizierung, dass die Operationen zur Kenntnis gebracht wurden,  auch hinsichtlich ihres Inhalts derjenigen, an die die Daten kommuniziert oder verbreitet wurden, au\u00dfer in dem Fall, in dem diese Erf\u00fcllung unm\u00f6glich ist oder den Einsatz von Mitteln beinhaltet, die offensichtlich unverh\u00e4ltnism\u00e4\u00dfig zum gesch\u00fctzten Recht stehen.<\/p>\n<p>Der Nutzer hat das Recht, ganz oder teilweise gegen die Verarbeitung personenbezogener Daten aus legitimen Gr\u00fcnden zu widersprechen, selbst wenn dies f\u00fcr den Zweck der Erhebung und Verarbeitung personenbezogener Daten \u00fcber ihn oder sie zum Zweck der Versendung von Werbematerialien, Direktverk\u00e4ufen oder zur Durchf\u00fchrung von Marktforschung oder kommerzieller Kommunikation relevant ist.<\/p>\n<p>Der Nutzer kann auch jederzeit die Zustimmung zur Verarbeitung seiner zuvor an die OGD Terre Vincentine Association gegebenen Daten widerrufen.<\/p>\n<p>Alle durch die EU-Verordnung 2016\/679 vorgesehenen Rechte k\u00f6nnen vom Nutzer an folgende E-Mail-Adresse ausge\u00fcbt werden: <strong><a href=\"mailto:terrevicentine@provincia.vicenza.it\">terrevicentine@provincia.vicenza.it<\/a><\/strong><\/p>\n<h2>Art. 10 \u2013 Schutzklausel<\/h2>\n<p>Falls eine Klausel dieser allgemeinen Kaufbedingungen aus irgendeinem Grund nichtig ist, beeintr\u00e4chtigt dies in keinem Fall die G\u00fcltigkeit und Einhaltung der anderen Bestimmungen dieser allgemeinen Verkaufsbedingungen.<\/p>\n<h2>Art. 11 \u2013 Kontakte<\/h2>\n<p>Jede Anfrage nach Informationen kann per E-Mail an folgende Adresse gesendet werden.  <strong><a href=\"mailto:terrevicentine@provincia.vicenza.it\">terrevicentine@provincia.vicenza.it<\/a>,<\/strong>  telefonisch unter folgender <strong>Telefonnummer: 0444908214<\/strong>, und per Post an folgende Adresse:   <strong>Contra&#8216; delle Gazzolle, 1, 36100 Vicenza VI<\/strong><\/p>\n<h2>Art. 12 \u2013 Anwendbares Recht und Zust\u00e4ndigkeit<\/h2>\n<p>Diese allgemeinen Kaufbedingungen werden nach italienischem Recht geregelt und darauf basierend ausgelegt, ohne dass andere verbindliche Regeln im Land des gew\u00f6hnlichen Wohnsitzes des K\u00e4ufers gelten. Daher unterliegen die Auslegung, Ausf\u00fchrung und Beendigung der allgemeinen Kaufbedingungen ausschlie\u00dflich dem italienischen Recht. <\/p>\n<p>Alle daraus resultierenden und\/oder daraus resultierenden Streitigkeiten m\u00fcssen ausschlie\u00dflich von der italienischen Justizbeh\u00f6rde gel\u00f6st werden. Insbesondere wenn Sie Verbraucher sind, m\u00fcssen alle Streitigkeiten vom Gericht Ihres Wohnsitzes oder Wohnsitzes gem\u00e4\u00df geltendem Recht entschieden werden. <\/p>\n<p>Diese Bedingungen wurden am 04.08.2026 aufgestellt.<\/p>\n","protected":false},"excerpt":{"rendered":"<p>Allgemeine Verkaufsbedingungen Art. 1 \u2013 Allgemeine Bestimmungen Der Nutzer greift \u00fcber die URL https:\/\/visitvicenzaterrevicentine.com auf diesen Bereich zu. Das Durchsuchen und Senden einer Bestellung auf der Seite impliziert die Akzeptanz der von der Seite selbst festgelegten Datenschutzbedingungen und -richtlinien. Diese allgemeinen Verkaufsbedingungen gelten f\u00fcr den Verkauf von Waren und die Erbringung von Dienstleistungen mit exklusivem [&hellip;]<\/p>\n","protected":false},"author":1,"featured_media":0,"parent":0,"menu_order":0,"comment_status":"closed","ping_status":"closed","template":"","meta":{"_et_pb_use_builder":"off","_et_pb_old_content":"","_et_gb_content_width":"","footnotes":""},"categories":[],"tags":[],"class_list":["post-1264","page","type-page","status-publish","hentry"],"_links":{"self":[{"href":"https:\/\/visitvicenzaterrevicentine.com\/de\/wp-json\/wp\/v2\/pages\/1264","targetHints":{"allow":["GET"]}}],"collection":[{"href":"https:\/\/visitvicenzaterrevicentine.com\/de\/wp-json\/wp\/v2\/pages"}],"about":[{"href":"https:\/\/visitvicenzaterrevicentine.com\/de\/wp-json\/wp\/v2\/types\/page"}],"author":[{"embeddable":true,"href":"https:\/\/visitvicenzaterrevicentine.com\/de\/wp-json\/wp\/v2\/users\/1"}],"replies":[{"embeddable":true,"href":"https:\/\/visitvicenzaterrevicentine.com\/de\/wp-json\/wp\/v2\/comments?post=1264"}],"version-history":[{"count":0,"href":"https:\/\/visitvicenzaterrevicentine.com\/de\/wp-json\/wp\/v2\/pages\/1264\/revisions"}],"wp:attachment":[{"href":"https:\/\/visitvicenzaterrevicentine.com\/de\/wp-json\/wp\/v2\/media?parent=1264"}],"wp:term":[{"taxonomy":"category","embeddable":true,"href":"https:\/\/visitvicenzaterrevicentine.com\/de\/wp-json\/wp\/v2\/categories?post=1264"},{"taxonomy":"post_tag","embeddable":true,"href":"https:\/\/visitvicenzaterrevicentine.com\/de\/wp-json\/wp\/v2\/tags?post=1264"}],"curies":[{"name":"wp","href":"https:\/\/api.w.org\/{rel}","templated":true}]}}